{"id":43,"date":"2022-08-09T14:28:33","date_gmt":"2022-08-09T14:28:33","guid":{"rendered":"http:\/\/letsplayvienna.org\/?page_id=43"},"modified":"2023-12-02T09:32:53","modified_gmt":"2023-12-02T07:32:53","slug":"donate","status":"publish","type":"page","link":"https:\/\/letsplayvienna.org\/de\/donate\/","title":{"rendered":"Spende"},"content":{"rendered":"<p>Um unsere Arbeit zu unterst\u00fctzen, k\u00f6nnen Sie regelm\u00e4\u00dfige oder einmalige Spenden leisten.<br>Mit Ihrer Spende k\u00f6nnen wir unsere Aktivit\u00e4ten f\u00fcr Fl\u00fcchtlingskinder durchf\u00fchren, neue Materialien f\u00fcr unsere Veranstaltungen besorgen und unsere laufenden Kosten decken.<\/p>\n\n\n<br \/>\n<\/p>\n\n\n\n<script type=\"text\/javascript\" src=\"https:\/\/secure.fundraisingbox.com\/app\/paymentJS?hash=c2aftditlw00axv2\" data-cookieconsent=\"ignore\"><\/script><noscript>Bitte Javascript aktivieren<\/noscript><a target=\"_blank\" href=\"https:\/\/www.fundraisingbox.com\" rel=\"noopener\"><img decoding=\"async\" border=\"0\" style=\"border: 0 !important\" src=\"https:\/\/secure.fundraisingbox.com\/images\/FundraisingBox-Logo-Widget.png\" alt=\"FundraisingBox Logo\" \/><\/a>\n\n\n<p><\/p>\n\n\n\n<h2 class=\"wp-block-heading\" style=\"margin-top:var(--wp--preset--spacing--small);margin-bottom:0\">Oder spenden Sie direkt \u00fcber SEPA (innerhalb der EU):<\/h2>\n\n\n\n<p style=\"margin-bottom:var(--wp--preset--spacing--small)\"><strong>IBAN<\/strong>: AT73 2011 1837 7773 0000<br><strong>Kontoname<\/strong>: Lets Play Verein<br><strong>BIC<\/strong>: GIBAATWWXXX<br><strong>Bank<\/strong>: Erste<\/p>\n\n\n\n<p>Im Falle einer Ausfinanzierung einzelner Posten werden die Mittel im Sinne des Vereinszwecks f\u00fcr weitere Kosten verwendet.<\/p>","protected":false},"excerpt":{"rendered":"<p>To support our work, you can make a regular or one-time donation.With your donation we&#8217;re able to provide our activities for refugee children, get new materials for our events, and cover our running costs. Or, donate directly through SEPA (inside the EU): IBAN: AT73 2011 1837 7773 0000Account Name: Lets Play VereinBIC: GIBAATWWXXXBank: Erste In [&hellip;]<\/p>\n","protected":false},"author":1,"featured_media":0,"parent":0,"menu_order":0,"comment_status":"closed","ping_status":"closed","template":"","meta":{"_monsterinsights_skip_tracking":false,"_monsterinsights_sitenote_active":false,"_monsterinsights_sitenote_note":"","_monsterinsights_sitenote_category":0,"footnotes":""},"class_list":["post-43","page","type-page","status-publish","hentry"],"aioseo_notices":[],"featured_media_urls":[],"_links":{"self":[{"href":"https:\/\/letsplayvienna.org\/de\/wp-json\/wp\/v2\/pages\/43","targetHints":{"allow":["GET"]}}],"collection":[{"href":"https:\/\/letsplayvienna.org\/de\/wp-json\/wp\/v2\/pages"}],"about":[{"href":"https:\/\/letsplayvienna.org\/de\/wp-json\/wp\/v2\/types\/page"}],"author":[{"embeddable":true,"href":"https:\/\/letsplayvienna.org\/de\/wp-json\/wp\/v2\/users\/1"}],"replies":[{"embeddable":true,"href":"https:\/\/letsplayvienna.org\/de\/wp-json\/wp\/v2\/comments?post=43"}],"version-history":[{"count":14,"href":"https:\/\/letsplayvienna.org\/de\/wp-json\/wp\/v2\/pages\/43\/revisions"}],"predecessor-version":[{"id":306,"href":"https:\/\/letsplayvienna.org\/de\/wp-json\/wp\/v2\/pages\/43\/revisions\/306"}],"wp:attachment":[{"href":"https:\/\/letsplayvienna.org\/de\/wp-json\/wp\/v2\/media?parent=43"}],"curies":[{"name":"wp","href":"https:\/\/api.w.org\/{rel}","templated":true}]}}